{"id":6,"date":"2018-05-03T06:06:48","date_gmt":"2018-05-03T06:06:48","guid":{"rendered":"https:\/\/mentalszabo.hu\/index.php\/home\/"},"modified":"2024-04-12T17:10:03","modified_gmt":"2024-04-12T15:10:03","slug":"home","status":"publish","type":"page","link":"https:\/\/mentalszabo.hu\/","title":{"rendered":"Home"},"content":{"rendered":"","protected":false},"excerpt":{"rendered":"","protected":false},"author":1,"featured_media":0,"parent":0,"menu_order":0,"comment_status":"closed","ping_status":"closed","template":"","meta":{"footnotes":""},"class_list":["post-6","page","type-page","status-publish","hentry","latest_post"],"yoast_head":"<!-- This site is optimized with the Yoast SEO plugin v27.4 - https:\/\/yoast.com\/product\/yoast-seo-wordpress\/ -->\n<title>Home - Szab\u00f3 Zsuzsi - life \u00e9s business\u00a0coach<\/title>\n<meta name=\"description\" content=\"Csal\u00e1di vagy p\u00e1rkapcsolati probl\u00e9m\u00e1k, m\u00e9rgez\u0151 kapcsolatok, alacsony \u00f6nbecs\u00fcl\u00e9s, elfajul\u00f3 konliktusok eset\u00e9n j\u00f3 helyen j\u00e1rsz! Seg\u00edtek neked!\" \/>\n<meta name=\"robots\" content=\"index, follow, max-snippet:-1, max-image-preview:large, max-video-preview:-1\" \/>\n<link rel=\"canonical\" href=\"https:\/\/mentalszabo.hu\/\" \/>\n<meta property=\"og:locale\" content=\"hu_HU\" \/>\n<meta property=\"og:type\" content=\"article\" \/>\n<meta property=\"og:title\" content=\"Szab\u00f3 Zsuzsi - business \u00e9s life coach\" \/>\n<meta property=\"og:description\" content=\"Csal\u00e1di vagy p\u00e1rkapcsolati probl\u00e9m\u00e1k, m\u00e9rgez\u0151 kapcsolatok, alacsony \u00f6nbecs\u00fcl\u00e9s, elfajul\u00f3 konliktusok eset\u00e9n j\u00f3 helyen j\u00e1rsz! Seg\u00edtek, hogy a megbillent egyens\u00faly helyre\u00e1lljon!\" \/>\n<meta property=\"og:url\" content=\"https:\/\/mentalszabo.hu\/\" \/>\n<meta property=\"og:site_name\" content=\"Szab\u00f3 Zsuzsi - life \u00e9s business\u00a0coach\" \/>\n<meta property=\"article:modified_time\" content=\"2024-04-12T15:10:03+00:00\" \/>\n<meta property=\"og:image\" content=\"https:\/\/mentalszabo.hu\/wp-content\/uploads\/2024\/02\/7.png\" \/>\n\t<meta property=\"og:image:width\" content=\"500\" \/>\n\t<meta property=\"og:image:height\" content=\"500\" \/>\n\t<meta property=\"og:image:type\" content=\"image\/png\" \/>\n<meta name=\"twitter:card\" content=\"summary_large_image\" \/>\n<script type=\"application\/ld+json\" class=\"yoast-schema-graph\">{\"@context\":\"https:\\\/\\\/schema.org\",\"@graph\":[{\"@type\":\"WebPage\",\"@id\":\"https:\\\/\\\/mentalszabo.hu\\\/\",\"url\":\"https:\\\/\\\/mentalszabo.hu\\\/\",\"name\":\"Home - Szab\u00f3 Zsuzsi - life \u00e9s business\u00a0coach\",\"isPartOf\":{\"@id\":\"https:\\\/\\\/mentalszabo.hu\\\/#website\"},\"datePublished\":\"2018-05-03T06:06:48+00:00\",\"dateModified\":\"2024-04-12T15:10:03+00:00\",\"description\":\"Csal\u00e1di vagy p\u00e1rkapcsolati probl\u00e9m\u00e1k, m\u00e9rgez\u0151 kapcsolatok, alacsony \u00f6nbecs\u00fcl\u00e9s, elfajul\u00f3 konliktusok eset\u00e9n j\u00f3 helyen j\u00e1rsz! Seg\u00edtek neked!\",\"breadcrumb\":{\"@id\":\"https:\\\/\\\/mentalszabo.hu\\\/#breadcrumb\"},\"inLanguage\":\"hu\",\"potentialAction\":[{\"@type\":\"ReadAction\",\"target\":[\"https:\\\/\\\/mentalszabo.hu\\\/\"]}]},{\"@type\":\"BreadcrumbList\",\"@id\":\"https:\\\/\\\/mentalszabo.hu\\\/#breadcrumb\",\"itemListElement\":[{\"@type\":\"ListItem\",\"position\":1,\"name\":\"Home\",\"item\":\"https:\\\/\\\/mentalszabo.hu\\\/\"},{\"@type\":\"ListItem\",\"position\":2,\"name\":\"Home\"}]},{\"@type\":\"WebSite\",\"@id\":\"https:\\\/\\\/mentalszabo.hu\\\/#website\",\"url\":\"https:\\\/\\\/mentalszabo.hu\\\/\",\"name\":\"Szab\u00f3 Zsuzsi - life \u00e9s business\u00a0coach\",\"description\":\"Ha m\u00e1r el\u00e9gg\u00e9 f\u00e1j a probl\u00e9ma, seg\u00edtek \u00e1tszabni!\",\"publisher\":{\"@id\":\"https:\\\/\\\/mentalszabo.hu\\\/#\\\/schema\\\/person\\\/53ba075fdfffd7dd05750ee3691287e9\"},\"potentialAction\":[{\"@type\":\"SearchAction\",\"target\":{\"@type\":\"EntryPoint\",\"urlTemplate\":\"https:\\\/\\\/mentalszabo.hu\\\/?s={search_term_string}\"},\"query-input\":{\"@type\":\"PropertyValueSpecification\",\"valueRequired\":true,\"valueName\":\"search_term_string\"}}],\"inLanguage\":\"hu\"},{\"@type\":[\"Person\",\"Organization\"],\"@id\":\"https:\\\/\\\/mentalszabo.hu\\\/#\\\/schema\\\/person\\\/53ba075fdfffd7dd05750ee3691287e9\",\"name\":\"zsuzsisz\",\"image\":{\"@type\":\"ImageObject\",\"inLanguage\":\"hu\",\"@id\":\"https:\\\/\\\/mentalszabo.hu\\\/wp-content\\\/uploads\\\/2024\\\/04\\\/cropped-logowegleges-e1713498672753-1.png\",\"url\":\"https:\\\/\\\/mentalszabo.hu\\\/wp-content\\\/uploads\\\/2024\\\/04\\\/cropped-logowegleges-e1713498672753-1.png\",\"contentUrl\":\"https:\\\/\\\/mentalszabo.hu\\\/wp-content\\\/uploads\\\/2024\\\/04\\\/cropped-logowegleges-e1713498672753-1.png\",\"width\":499,\"height\":229,\"caption\":\"zsuzsisz\"},\"logo\":{\"@id\":\"https:\\\/\\\/mentalszabo.hu\\\/wp-content\\\/uploads\\\/2024\\\/04\\\/cropped-logowegleges-e1713498672753-1.png\"},\"sameAs\":[\"https:\\\/\\\/mentalszabo.hu\"]}]}<\/script>\n<!-- \/ Yoast SEO plugin. -->","yoast_head_json":{"title":"Home - Szab\u00f3 Zsuzsi - life \u00e9s business\u00a0coach","description":"Csal\u00e1di vagy p\u00e1rkapcsolati probl\u00e9m\u00e1k, m\u00e9rgez\u0151 kapcsolatok, alacsony \u00f6nbecs\u00fcl\u00e9s, elfajul\u00f3 konliktusok eset\u00e9n j\u00f3 helyen j\u00e1rsz! Seg\u00edtek neked!","robots":{"index":"index","follow":"follow","max-snippet":"max-snippet:-1","max-image-preview":"max-image-preview:large","max-video-preview":"max-video-preview:-1"},"canonical":"https:\/\/mentalszabo.hu\/","og_locale":"hu_HU","og_type":"article","og_title":"Szab\u00f3 Zsuzsi - business \u00e9s life coach","og_description":"Csal\u00e1di vagy p\u00e1rkapcsolati probl\u00e9m\u00e1k, m\u00e9rgez\u0151 kapcsolatok, alacsony \u00f6nbecs\u00fcl\u00e9s, elfajul\u00f3 konliktusok eset\u00e9n j\u00f3 helyen j\u00e1rsz! Seg\u00edtek, hogy a megbillent egyens\u00faly helyre\u00e1lljon!","og_url":"https:\/\/mentalszabo.hu\/","og_site_name":"Szab\u00f3 Zsuzsi - life \u00e9s business\u00a0coach","article_modified_time":"2024-04-12T15:10:03+00:00","og_image":[{"width":500,"height":500,"url":"https:\/\/mentalszabo.hu\/wp-content\/uploads\/2024\/02\/7.png","type":"image\/png"}],"twitter_card":"summary_large_image","schema":{"@context":"https:\/\/schema.org","@graph":[{"@type":"WebPage","@id":"https:\/\/mentalszabo.hu\/","url":"https:\/\/mentalszabo.hu\/","name":"Home - Szab\u00f3 Zsuzsi - life \u00e9s business\u00a0coach","isPartOf":{"@id":"https:\/\/mentalszabo.hu\/#website"},"datePublished":"2018-05-03T06:06:48+00:00","dateModified":"2024-04-12T15:10:03+00:00","description":"Csal\u00e1di vagy p\u00e1rkapcsolati probl\u00e9m\u00e1k, m\u00e9rgez\u0151 kapcsolatok, alacsony \u00f6nbecs\u00fcl\u00e9s, elfajul\u00f3 konliktusok eset\u00e9n j\u00f3 helyen j\u00e1rsz! Seg\u00edtek neked!","breadcrumb":{"@id":"https:\/\/mentalszabo.hu\/#breadcrumb"},"inLanguage":"hu","potentialAction":[{"@type":"ReadAction","target":["https:\/\/mentalszabo.hu\/"]}]},{"@type":"BreadcrumbList","@id":"https:\/\/mentalszabo.hu\/#breadcrumb","itemListElement":[{"@type":"ListItem","position":1,"name":"Home","item":"https:\/\/mentalszabo.hu\/"},{"@type":"ListItem","position":2,"name":"Home"}]},{"@type":"WebSite","@id":"https:\/\/mentalszabo.hu\/#website","url":"https:\/\/mentalszabo.hu\/","name":"Szab\u00f3 Zsuzsi - life \u00e9s business\u00a0coach","description":"Ha m\u00e1r el\u00e9gg\u00e9 f\u00e1j a probl\u00e9ma, seg\u00edtek \u00e1tszabni!","publisher":{"@id":"https:\/\/mentalszabo.hu\/#\/schema\/person\/53ba075fdfffd7dd05750ee3691287e9"},"potentialAction":[{"@type":"SearchAction","target":{"@type":"EntryPoint","urlTemplate":"https:\/\/mentalszabo.hu\/?s={search_term_string}"},"query-input":{"@type":"PropertyValueSpecification","valueRequired":true,"valueName":"search_term_string"}}],"inLanguage":"hu"},{"@type":["Person","Organization"],"@id":"https:\/\/mentalszabo.hu\/#\/schema\/person\/53ba075fdfffd7dd05750ee3691287e9","name":"zsuzsisz","image":{"@type":"ImageObject","inLanguage":"hu","@id":"https:\/\/mentalszabo.hu\/wp-content\/uploads\/2024\/04\/cropped-logowegleges-e1713498672753-1.png","url":"https:\/\/mentalszabo.hu\/wp-content\/uploads\/2024\/04\/cropped-logowegleges-e1713498672753-1.png","contentUrl":"https:\/\/mentalszabo.hu\/wp-content\/uploads\/2024\/04\/cropped-logowegleges-e1713498672753-1.png","width":499,"height":229,"caption":"zsuzsisz"},"logo":{"@id":"https:\/\/mentalszabo.hu\/wp-content\/uploads\/2024\/04\/cropped-logowegleges-e1713498672753-1.png"},"sameAs":["https:\/\/mentalszabo.hu"]}]}},"_links":{"self":[{"href":"https:\/\/mentalszabo.hu\/index.php\/wp-json\/wp\/v2\/pages\/6","targetHints":{"allow":["GET"]}}],"collection":[{"href":"https:\/\/mentalszabo.hu\/index.php\/wp-json\/wp\/v2\/pages"}],"about":[{"href":"https:\/\/mentalszabo.hu\/index.php\/wp-json\/wp\/v2\/types\/page"}],"author":[{"embeddable":true,"href":"https:\/\/mentalszabo.hu\/index.php\/wp-json\/wp\/v2\/users\/1"}],"replies":[{"embeddable":true,"href":"https:\/\/mentalszabo.hu\/index.php\/wp-json\/wp\/v2\/comments?post=6"}],"version-history":[{"count":1,"href":"https:\/\/mentalszabo.hu\/index.php\/wp-json\/wp\/v2\/pages\/6\/revisions"}],"predecessor-version":[{"id":1170,"href":"https:\/\/mentalszabo.hu\/index.php\/wp-json\/wp\/v2\/pages\/6\/revisions\/1170"}],"wp:attachment":[{"href":"https:\/\/mentalszabo.hu\/index.php\/wp-json\/wp\/v2\/media?parent=6"}],"curies":[{"name":"wp","href":"https:\/\/api.w.org\/{rel}","templated":true}]}}