{"id":37,"date":"2018-05-03T06:36:37","date_gmt":"2018-05-03T06:36:37","guid":{"rendered":"https:\/\/mentalszabo.hu\/index.php\/about-me\/"},"modified":"2024-04-19T05:49:57","modified_gmt":"2024-04-19T03:49:57","slug":"rolam","status":"publish","type":"page","link":"https:\/\/mentalszabo.hu\/index.php\/rolam\/","title":{"rendered":"R\u00f3lam"},"content":{"rendered":"\n<h2 class=\"wp-block-heading\">\u00dcdv\u00f6z\u00f6llek n\u00e1lam! Szab\u00f3 Zsuzsi vagyok<\/h2>\n\n\n\n<h6 class=\"wp-block-heading\">coach, medi\u00e1tor, tr\u00e9ner, k\u00e9pz\u00e9sben l\u00e9v\u0151 csal\u00e1d \u00e9s p\u00e1rterapeuta, szoci\u00e1lis munk\u00e1s, 3 gyermek \u00e9desanyja.<\/h6>\n\n\n\n<p>T\u00f6bb, mint 20 \u00e9ve dolgozom seg\u00edt\u0151 szakemberk\u00e9nt.\u00a0 Gyerekekkel, kamaszokkal, szenved\u00e9lybetegekkel, iskolai csoportokkal, sz\u00fcl\u0151kkel, \u00e1ll\u00e1skeres\u0151kkel, pszichi\u00e1triai betegekkel egyar\u00e1nt foglalkoztam. Jelenleg k\u00fcl\u00f6nb\u00f6z\u0151 t\u00e1mogat\u00f3 technik\u00e1kkal seg\u00edtem a hozz\u00e1m fordul\u00f3kat a val\u00f3di c\u00e9ljaik felismer\u00e9s\u00e9ben \u00e9s azok el\u00e9r\u00e9s\u00e9ben, a ment\u00e1lis eg\u00e9szs\u00e9g\u00fck meg\u0151rz\u00e9s\u00e9ben, \u00f6nbecs\u00fcl\u00e9s\u00fck, \u00f6nbizalmuk er\u0151s\u00edt\u00e9s\u00e9ben, \u00f6nismeret\u00fck m\u00e9ly\u00edt\u00e9s\u00e9ben, kr\u00edzishelyzeteik legy\u0151z\u00e9s\u00e9ben.<\/p>\n\n\n\n<p>T\u00fal vagyok szakmai ki\u00e9g\u00e9sen, v\u00e1l\u00e1son, gy\u00e1szon, szakmai \u00e9s mag\u00e1n\u00e9leti konfliktusokon \u00e9s 4 fel\u00faj\u00edt\u00e1son \u2013 ezekkel egy\u00fctt pedig j\u00f3p\u00e1r \u00fajratervez\u00e9sen \u00e9s \u00fajrakezd\u00e9sen.\u00a0\u00a0<br> C\u00e9lom, hogy \u00fcgyfeleim megtanulj\u00e1k felismerni \u00e9s elfogadni \u00f6nmaguk \u00e9rt\u00e9keit \u00e9s \u00e9rt\u00e9kess\u00e9g\u00e9t, k\u00e9pesek legyenek elhinni, hogy el\u00e9g j\u00f3k, megtanuljanak a saj\u00e1t \u00e9s nem a k\u00fclvil\u00e1g elv\u00e1r\u00e1sainak megfelelni, magabiztosabban, k\u00f6nnyedebben \u00e9s sikeresebben \u00e9lvezhess\u00e9k a jelent. Munk\u00e1mat titoktart\u00e1si k\u00f6telezetts\u00e9g \u00e9s a szakmai etikai alapelvek ment\u00e9n v\u00e9gzem.<\/p>\n\n\n\n<p>Seg\u00edt\u0151 hivat\u00e1som az al\u00e1bbi v\u00e9gzetts\u00e9gek, k\u00e9pz\u00e9sek t\u00e1mogatj\u00e1k: <\/p>\n\n\n\n<ul class=\"wp-block-list\">\n<li><strong>Magyar Csal\u00e1dter\u00e1pi\u00e1s Egyes\u00fclet<\/strong> &#8211; k\u00e9pz\u00e9sben l\u00e9v\u0151 p\u00e1r \u00e9s csal\u00e1dterapeuta <\/li>\n\n\n\n<li><strong>Mediare Kisebbs\u00e9gi Medi\u00e1ci\u00f3s Int\u00e9zet<\/strong> &#8211; medi\u00e1tor Traumak\u00f6zpont &#8211; traumatudatos seg\u00edts\u00e9gny\u00fajt\u00e1s<\/li>\n\n\n\n<li><strong>InDynamics Consulting Kft<\/strong>. &#8211; life \u00e9s business coach <\/li>\n\n\n\n<li><strong>\u00c9bred\u00e9sek Alap\u00edtv\u00e1ny<\/strong> &#8211; k\u00f6z\u00f6ss\u00e9gi pszichi\u00e1triai koordin\u00e1tor <\/li>\n\n\n\n<li><strong>ELTE &#8211; BGGYTF<\/strong> &#8211; szoci\u00e1lis munk\u00e1s, ment\u00e1lhigi\u00e9n\u00e9s szakosod\u00e1s<\/li>\n<\/ul>\n\n\n<div class=\"wp-block-image\">\n<figure class=\"alignright size-full is-resized\"><img fetchpriority=\"high\" decoding=\"async\" width=\"500\" height=\"500\" src=\"https:\/\/mentalszabo.hu\/wp-content\/uploads\/2024\/04\/Alairas.png\" alt=\"\" class=\"wp-image-1127\" style=\"width:190px;height:auto\" srcset=\"https:\/\/mentalszabo.hu\/wp-content\/uploads\/2024\/04\/Alairas.png 500w, https:\/\/mentalszabo.hu\/wp-content\/uploads\/2024\/04\/Alairas-300x300.png 300w, https:\/\/mentalszabo.hu\/wp-content\/uploads\/2024\/04\/Alairas-150x150.png 150w, https:\/\/mentalszabo.hu\/wp-content\/uploads\/2024\/04\/Alairas-60x60.png 60w\" sizes=\"(max-width: 500px) 100vw, 500px\" \/><\/figure>\n<\/div>","protected":false},"excerpt":{"rendered":"<p>\u00dcdv\u00f6z\u00f6llek n\u00e1lam! Szab\u00f3 Zsuzsi vagyok coach, medi\u00e1tor, tr\u00e9ner, k\u00e9pz\u00e9sben l\u00e9v\u0151 csal\u00e1d \u00e9s p\u00e1rterapeuta, szoci\u00e1lis munk\u00e1s, 3 gyermek \u00e9desanyja. T\u00f6bb, mint 20 \u00e9ve dolgozom seg\u00edt\u0151 szakemberk\u00e9nt.\u00a0 Gyerekekkel, kamaszokkal, szenved\u00e9lybetegekkel, iskolai csoportokkal, sz\u00fcl\u0151kkel, \u00e1ll\u00e1skeres\u0151kkel, pszichi\u00e1triai betegekkel egyar\u00e1nt foglalkoztam. Jelenleg k\u00fcl\u00f6nb\u00f6z\u0151 t\u00e1mogat\u00f3 technik\u00e1kkal seg\u00edtem a hozz\u00e1m fordul\u00f3kat a val\u00f3di c\u00e9ljaik felismer\u00e9s\u00e9ben \u00e9s azok el\u00e9r\u00e9s\u00e9ben, a ment\u00e1lis eg\u00e9szs\u00e9g\u00fck meg\u0151rz\u00e9s\u00e9ben, &hellip; <\/p>\n","protected":false},"author":1,"featured_media":1065,"parent":0,"menu_order":0,"comment_status":"closed","ping_status":"closed","template":"templates\/about.php","meta":{"footnotes":""},"class_list":["post-37","page","type-page","status-publish","has-post-thumbnail","hentry","latest_post"],"yoast_head":"<!-- This site is optimized with the Yoast SEO plugin v27.4 - https:\/\/yoast.com\/product\/yoast-seo-wordpress\/ -->\n<title>R\u00f3lam - Szab\u00f3 Zsuzsi - life \u00e9s business\u00a0coach<\/title>\n<meta name=\"robots\" content=\"index, follow, max-snippet:-1, max-image-preview:large, max-video-preview:-1\" \/>\n<link rel=\"canonical\" href=\"https:\/\/mentalszabo.hu\/index.php\/rolam\/\" \/>\n<meta property=\"og:locale\" content=\"hu_HU\" \/>\n<meta property=\"og:type\" content=\"article\" \/>\n<meta property=\"og:title\" content=\"R\u00f3lam - Szab\u00f3 Zsuzsi - life \u00e9s business\u00a0coach\" \/>\n<meta property=\"og:description\" content=\"\u00dcdv\u00f6z\u00f6llek n\u00e1lam! Szab\u00f3 Zsuzsi vagyok coach, medi\u00e1tor, tr\u00e9ner, k\u00e9pz\u00e9sben l\u00e9v\u0151 csal\u00e1d \u00e9s p\u00e1rterapeuta, szoci\u00e1lis munk\u00e1s, 3 gyermek \u00e9desanyja. T\u00f6bb, mint 20 \u00e9ve dolgozom seg\u00edt\u0151 szakemberk\u00e9nt.\u00a0 Gyerekekkel, kamaszokkal, szenved\u00e9lybetegekkel, iskolai csoportokkal, sz\u00fcl\u0151kkel, \u00e1ll\u00e1skeres\u0151kkel, pszichi\u00e1triai betegekkel egyar\u00e1nt foglalkoztam. Jelenleg k\u00fcl\u00f6nb\u00f6z\u0151 t\u00e1mogat\u00f3 technik\u00e1kkal seg\u00edtem a hozz\u00e1m fordul\u00f3kat a val\u00f3di c\u00e9ljaik felismer\u00e9s\u00e9ben \u00e9s azok el\u00e9r\u00e9s\u00e9ben, a ment\u00e1lis eg\u00e9szs\u00e9g\u00fck meg\u0151rz\u00e9s\u00e9ben, &hellip;\" \/>\n<meta property=\"og:url\" content=\"https:\/\/mentalszabo.hu\/index.php\/rolam\/\" \/>\n<meta property=\"og:site_name\" content=\"Szab\u00f3 Zsuzsi - life \u00e9s business\u00a0coach\" \/>\n<meta property=\"article:modified_time\" content=\"2024-04-19T03:49:57+00:00\" \/>\n<meta property=\"og:image\" content=\"https:\/\/mentalszabo.hu\/wp-content\/uploads\/2023\/11\/20231010_110959-scaled.jpg\" \/>\n\t<meta property=\"og:image:width\" content=\"1441\" \/>\n\t<meta property=\"og:image:height\" content=\"2560\" \/>\n\t<meta property=\"og:image:type\" content=\"image\/jpeg\" \/>\n<meta name=\"twitter:card\" content=\"summary_large_image\" \/>\n<meta name=\"twitter:label1\" content=\"Becs\u00fclt olvas\u00e1si id\u0151\" \/>\n\t<meta name=\"twitter:data1\" content=\"2 perc\" \/>\n<script type=\"application\/ld+json\" class=\"yoast-schema-graph\">{\"@context\":\"https:\\\/\\\/schema.org\",\"@graph\":[{\"@type\":\"WebPage\",\"@id\":\"https:\\\/\\\/mentalszabo.hu\\\/index.php\\\/rolam\\\/\",\"url\":\"https:\\\/\\\/mentalszabo.hu\\\/index.php\\\/rolam\\\/\",\"name\":\"R\u00f3lam - Szab\u00f3 Zsuzsi - life \u00e9s business\u00a0coach\",\"isPartOf\":{\"@id\":\"https:\\\/\\\/mentalszabo.hu\\\/#website\"},\"primaryImageOfPage\":{\"@id\":\"https:\\\/\\\/mentalszabo.hu\\\/index.php\\\/rolam\\\/#primaryimage\"},\"image\":{\"@id\":\"https:\\\/\\\/mentalszabo.hu\\\/index.php\\\/rolam\\\/#primaryimage\"},\"thumbnailUrl\":\"https:\\\/\\\/mentalszabo.hu\\\/wp-content\\\/uploads\\\/2023\\\/11\\\/20231010_110959-scaled.jpg\",\"datePublished\":\"2018-05-03T06:36:37+00:00\",\"dateModified\":\"2024-04-19T03:49:57+00:00\",\"breadcrumb\":{\"@id\":\"https:\\\/\\\/mentalszabo.hu\\\/index.php\\\/rolam\\\/#breadcrumb\"},\"inLanguage\":\"hu\",\"potentialAction\":[{\"@type\":\"ReadAction\",\"target\":[\"https:\\\/\\\/mentalszabo.hu\\\/index.php\\\/rolam\\\/\"]}]},{\"@type\":\"ImageObject\",\"inLanguage\":\"hu\",\"@id\":\"https:\\\/\\\/mentalszabo.hu\\\/index.php\\\/rolam\\\/#primaryimage\",\"url\":\"https:\\\/\\\/mentalszabo.hu\\\/wp-content\\\/uploads\\\/2023\\\/11\\\/20231010_110959-scaled.jpg\",\"contentUrl\":\"https:\\\/\\\/mentalszabo.hu\\\/wp-content\\\/uploads\\\/2023\\\/11\\\/20231010_110959-scaled.jpg\",\"width\":1441,\"height\":2560},{\"@type\":\"BreadcrumbList\",\"@id\":\"https:\\\/\\\/mentalszabo.hu\\\/index.php\\\/rolam\\\/#breadcrumb\",\"itemListElement\":[{\"@type\":\"ListItem\",\"position\":1,\"name\":\"Home\",\"item\":\"https:\\\/\\\/mentalszabo.hu\\\/\"},{\"@type\":\"ListItem\",\"position\":2,\"name\":\"R\u00f3lam\"}]},{\"@type\":\"WebSite\",\"@id\":\"https:\\\/\\\/mentalszabo.hu\\\/#website\",\"url\":\"https:\\\/\\\/mentalszabo.hu\\\/\",\"name\":\"Szab\u00f3 Zsuzsi - life \u00e9s business\u00a0coach\",\"description\":\"Ha m\u00e1r el\u00e9gg\u00e9 f\u00e1j a probl\u00e9ma, seg\u00edtek \u00e1tszabni!\",\"publisher\":{\"@id\":\"https:\\\/\\\/mentalszabo.hu\\\/#\\\/schema\\\/person\\\/53ba075fdfffd7dd05750ee3691287e9\"},\"potentialAction\":[{\"@type\":\"SearchAction\",\"target\":{\"@type\":\"EntryPoint\",\"urlTemplate\":\"https:\\\/\\\/mentalszabo.hu\\\/?s={search_term_string}\"},\"query-input\":{\"@type\":\"PropertyValueSpecification\",\"valueRequired\":true,\"valueName\":\"search_term_string\"}}],\"inLanguage\":\"hu\"},{\"@type\":[\"Person\",\"Organization\"],\"@id\":\"https:\\\/\\\/mentalszabo.hu\\\/#\\\/schema\\\/person\\\/53ba075fdfffd7dd05750ee3691287e9\",\"name\":\"zsuzsisz\",\"image\":{\"@type\":\"ImageObject\",\"inLanguage\":\"hu\",\"@id\":\"https:\\\/\\\/mentalszabo.hu\\\/wp-content\\\/uploads\\\/2024\\\/04\\\/cropped-logowegleges-e1713498672753-1.png\",\"url\":\"https:\\\/\\\/mentalszabo.hu\\\/wp-content\\\/uploads\\\/2024\\\/04\\\/cropped-logowegleges-e1713498672753-1.png\",\"contentUrl\":\"https:\\\/\\\/mentalszabo.hu\\\/wp-content\\\/uploads\\\/2024\\\/04\\\/cropped-logowegleges-e1713498672753-1.png\",\"width\":499,\"height\":229,\"caption\":\"zsuzsisz\"},\"logo\":{\"@id\":\"https:\\\/\\\/mentalszabo.hu\\\/wp-content\\\/uploads\\\/2024\\\/04\\\/cropped-logowegleges-e1713498672753-1.png\"},\"sameAs\":[\"https:\\\/\\\/mentalszabo.hu\"]}]}<\/script>\n<!-- \/ Yoast SEO plugin. -->","yoast_head_json":{"title":"R\u00f3lam - Szab\u00f3 Zsuzsi - life \u00e9s business\u00a0coach","robots":{"index":"index","follow":"follow","max-snippet":"max-snippet:-1","max-image-preview":"max-image-preview:large","max-video-preview":"max-video-preview:-1"},"canonical":"https:\/\/mentalszabo.hu\/index.php\/rolam\/","og_locale":"hu_HU","og_type":"article","og_title":"R\u00f3lam - Szab\u00f3 Zsuzsi - life \u00e9s business\u00a0coach","og_description":"\u00dcdv\u00f6z\u00f6llek n\u00e1lam! Szab\u00f3 Zsuzsi vagyok coach, medi\u00e1tor, tr\u00e9ner, k\u00e9pz\u00e9sben l\u00e9v\u0151 csal\u00e1d \u00e9s p\u00e1rterapeuta, szoci\u00e1lis munk\u00e1s, 3 gyermek \u00e9desanyja. T\u00f6bb, mint 20 \u00e9ve dolgozom seg\u00edt\u0151 szakemberk\u00e9nt.\u00a0 Gyerekekkel, kamaszokkal, szenved\u00e9lybetegekkel, iskolai csoportokkal, sz\u00fcl\u0151kkel, \u00e1ll\u00e1skeres\u0151kkel, pszichi\u00e1triai betegekkel egyar\u00e1nt foglalkoztam. Jelenleg k\u00fcl\u00f6nb\u00f6z\u0151 t\u00e1mogat\u00f3 technik\u00e1kkal seg\u00edtem a hozz\u00e1m fordul\u00f3kat a val\u00f3di c\u00e9ljaik felismer\u00e9s\u00e9ben \u00e9s azok el\u00e9r\u00e9s\u00e9ben, a ment\u00e1lis eg\u00e9szs\u00e9g\u00fck meg\u0151rz\u00e9s\u00e9ben, &hellip;","og_url":"https:\/\/mentalszabo.hu\/index.php\/rolam\/","og_site_name":"Szab\u00f3 Zsuzsi - life \u00e9s business\u00a0coach","article_modified_time":"2024-04-19T03:49:57+00:00","og_image":[{"width":1441,"height":2560,"url":"https:\/\/mentalszabo.hu\/wp-content\/uploads\/2023\/11\/20231010_110959-scaled.jpg","type":"image\/jpeg"}],"twitter_card":"summary_large_image","twitter_misc":{"Becs\u00fclt olvas\u00e1si id\u0151":"2 perc"},"schema":{"@context":"https:\/\/schema.org","@graph":[{"@type":"WebPage","@id":"https:\/\/mentalszabo.hu\/index.php\/rolam\/","url":"https:\/\/mentalszabo.hu\/index.php\/rolam\/","name":"R\u00f3lam - Szab\u00f3 Zsuzsi - life \u00e9s business\u00a0coach","isPartOf":{"@id":"https:\/\/mentalszabo.hu\/#website"},"primaryImageOfPage":{"@id":"https:\/\/mentalszabo.hu\/index.php\/rolam\/#primaryimage"},"image":{"@id":"https:\/\/mentalszabo.hu\/index.php\/rolam\/#primaryimage"},"thumbnailUrl":"https:\/\/mentalszabo.hu\/wp-content\/uploads\/2023\/11\/20231010_110959-scaled.jpg","datePublished":"2018-05-03T06:36:37+00:00","dateModified":"2024-04-19T03:49:57+00:00","breadcrumb":{"@id":"https:\/\/mentalszabo.hu\/index.php\/rolam\/#breadcrumb"},"inLanguage":"hu","potentialAction":[{"@type":"ReadAction","target":["https:\/\/mentalszabo.hu\/index.php\/rolam\/"]}]},{"@type":"ImageObject","inLanguage":"hu","@id":"https:\/\/mentalszabo.hu\/index.php\/rolam\/#primaryimage","url":"https:\/\/mentalszabo.hu\/wp-content\/uploads\/2023\/11\/20231010_110959-scaled.jpg","contentUrl":"https:\/\/mentalszabo.hu\/wp-content\/uploads\/2023\/11\/20231010_110959-scaled.jpg","width":1441,"height":2560},{"@type":"BreadcrumbList","@id":"https:\/\/mentalszabo.hu\/index.php\/rolam\/#breadcrumb","itemListElement":[{"@type":"ListItem","position":1,"name":"Home","item":"https:\/\/mentalszabo.hu\/"},{"@type":"ListItem","position":2,"name":"R\u00f3lam"}]},{"@type":"WebSite","@id":"https:\/\/mentalszabo.hu\/#website","url":"https:\/\/mentalszabo.hu\/","name":"Szab\u00f3 Zsuzsi - life \u00e9s business\u00a0coach","description":"Ha m\u00e1r el\u00e9gg\u00e9 f\u00e1j a probl\u00e9ma, seg\u00edtek \u00e1tszabni!","publisher":{"@id":"https:\/\/mentalszabo.hu\/#\/schema\/person\/53ba075fdfffd7dd05750ee3691287e9"},"potentialAction":[{"@type":"SearchAction","target":{"@type":"EntryPoint","urlTemplate":"https:\/\/mentalszabo.hu\/?s={search_term_string}"},"query-input":{"@type":"PropertyValueSpecification","valueRequired":true,"valueName":"search_term_string"}}],"inLanguage":"hu"},{"@type":["Person","Organization"],"@id":"https:\/\/mentalszabo.hu\/#\/schema\/person\/53ba075fdfffd7dd05750ee3691287e9","name":"zsuzsisz","image":{"@type":"ImageObject","inLanguage":"hu","@id":"https:\/\/mentalszabo.hu\/wp-content\/uploads\/2024\/04\/cropped-logowegleges-e1713498672753-1.png","url":"https:\/\/mentalszabo.hu\/wp-content\/uploads\/2024\/04\/cropped-logowegleges-e1713498672753-1.png","contentUrl":"https:\/\/mentalszabo.hu\/wp-content\/uploads\/2024\/04\/cropped-logowegleges-e1713498672753-1.png","width":499,"height":229,"caption":"zsuzsisz"},"logo":{"@id":"https:\/\/mentalszabo.hu\/wp-content\/uploads\/2024\/04\/cropped-logowegleges-e1713498672753-1.png"},"sameAs":["https:\/\/mentalszabo.hu"]}]}},"_links":{"self":[{"href":"https:\/\/mentalszabo.hu\/index.php\/wp-json\/wp\/v2\/pages\/37","targetHints":{"allow":["GET"]}}],"collection":[{"href":"https:\/\/mentalszabo.hu\/index.php\/wp-json\/wp\/v2\/pages"}],"about":[{"href":"https:\/\/mentalszabo.hu\/index.php\/wp-json\/wp\/v2\/types\/page"}],"author":[{"embeddable":true,"href":"https:\/\/mentalszabo.hu\/index.php\/wp-json\/wp\/v2\/users\/1"}],"replies":[{"embeddable":true,"href":"https:\/\/mentalszabo.hu\/index.php\/wp-json\/wp\/v2\/comments?post=37"}],"version-history":[{"count":10,"href":"https:\/\/mentalszabo.hu\/index.php\/wp-json\/wp\/v2\/pages\/37\/revisions"}],"predecessor-version":[{"id":1188,"href":"https:\/\/mentalszabo.hu\/index.php\/wp-json\/wp\/v2\/pages\/37\/revisions\/1188"}],"wp:featuredmedia":[{"embeddable":true,"href":"https:\/\/mentalszabo.hu\/index.php\/wp-json\/wp\/v2\/media\/1065"}],"wp:attachment":[{"href":"https:\/\/mentalszabo.hu\/index.php\/wp-json\/wp\/v2\/media?parent=37"}],"curies":[{"name":"wp","href":"https:\/\/api.w.org\/{rel}","templated":true}]}}